{"id":67,"date":"2026-04-19T10:09:14","date_gmt":"2026-04-19T13:09:14","guid":{"rendered":"https:\/\/gcbdedetizacao.com.br\/?page_id=67"},"modified":"2026-04-19T17:27:15","modified_gmt":"2026-04-19T20:27:15","slug":"home","status":"publish","type":"page","link":"https:\/\/gcbdedetizacao.com.br\/","title":{"rendered":"home"},"content":{"rendered":"\t\t<div data-elementor-type=\"wp-page\" data-elementor-id=\"67\" class=\"elementor elementor-67\" data-elementor-post-type=\"page\">\n\t\t\t\t<div class=\"elementor-element elementor-element-0365971 e-flex e-con-boxed e-con e-parent\" data-id=\"0365971\" data-element_type=\"container\" data-e-type=\"container\">\n\t\t\t\t\t<div class=\"e-con-inner\">\n\t\t\t\t<div class=\"elementor-element elementor-element-7ee214f elementor-widget elementor-widget-image\" data-id=\"7ee214f\" data-element_type=\"widget\" data-e-type=\"widget\" data-widget_type=\"image.default\">\n\t\t\t\t\t\t\t\t\t\t\t\t\t\t\t\t<a href=\"https:\/\/wa.me\/5521998093558\">\n\t\t\t\t\t\t\t<img fetchpriority=\"high\" decoding=\"async\" width=\"1024\" height=\"576\" src=\"https:\/\/gcbdedetizacao.com.br\/wp-content\/uploads\/2026\/04\/GCB-Controle-de-Pragas-Especialistas-em-Controle-de-Pragas-1024x576.png\" class=\"attachment-large size-large wp-image-87\" alt=\"\" srcset=\"https:\/\/gcbdedetizacao.com.br\/wp-content\/uploads\/2026\/04\/GCB-Controle-de-Pragas-Especialistas-em-Controle-de-Pragas-1024x576.png 1024w, https:\/\/gcbdedetizacao.com.br\/wp-content\/uploads\/2026\/04\/GCB-Controle-de-Pragas-Especialistas-em-Controle-de-Pragas-300x169.png 300w, https:\/\/gcbdedetizacao.com.br\/wp-content\/uploads\/2026\/04\/GCB-Controle-de-Pragas-Especialistas-em-Controle-de-Pragas-768x432.png 768w, https:\/\/gcbdedetizacao.com.br\/wp-content\/uploads\/2026\/04\/GCB-Controle-de-Pragas-Especialistas-em-Controle-de-Pragas-1536x864.png 1536w, https:\/\/gcbdedetizacao.com.br\/wp-content\/uploads\/2026\/04\/GCB-Controle-de-Pragas-Especialistas-em-Controle-de-Pragas-600x338.png 600w, https:\/\/gcbdedetizacao.com.br\/wp-content\/uploads\/2026\/04\/GCB-Controle-de-Pragas-Especialistas-em-Controle-de-Pragas.png 1920w\" sizes=\"(max-width: 1024px) 100vw, 1024px\" \/>\t\t\t\t\t\t\t\t<\/a>\n\t\t\t\t\t\t\t\t\t\t\t\t\t\t\t<\/div>\n\t\t\t\t\t<\/div>\n\t\t\t\t<\/div>\n\t\t<div class=\"elementor-element elementor-element-bf79b61 e-flex e-con-boxed e-con e-parent\" data-id=\"bf79b61\" data-element_type=\"container\" data-e-type=\"container\">\n\t\t\t\t\t<div class=\"e-con-inner\">\n\t\t\t\t<div class=\"elementor-element elementor-element-c6398c6 elementor-widget elementor-widget-heading\" data-id=\"c6398c6\" data-element_type=\"widget\" data-e-type=\"widget\" data-widget_type=\"heading.default\">\n\t\t\t\t\t<h2 class=\"elementor-heading-title elementor-size-default\">L\u00edder em Controle de Pragas h\u00e1 12 Anos<\/h2>\t\t\t\t<\/div>\n\t\t\t\t\t<\/div>\n\t\t\t\t<\/div>\n\t\t<div class=\"elementor-element elementor-element-8758800 e-flex e-con-boxed e-con e-parent\" data-id=\"8758800\" data-element_type=\"container\" data-e-type=\"container\">\n\t\t\t\t\t<div class=\"e-con-inner\">\n\t\t\t\t<div class=\"elementor-element elementor-element-b0926ec elementor-widget elementor-widget-text-editor\" data-id=\"b0926ec\" data-element_type=\"widget\" data-e-type=\"widget\" data-widget_type=\"text-editor.default\">\n\t\t\t\t\t\t\t\t\t<p>A GCB \u00e9 especialista em controle integrado de pragas urbanas e rurais. Atendemos resid\u00eancias, com\u00e9rcios, ind\u00fastrias e condom\u00ednios com solu\u00e7\u00f5es completas e personalizadas.<\/p><p>Nossa equipe \u00e9 formada por t\u00e9cnicos certificados, utilizando produtos aprovados pela ANVISA e Minist\u00e9rio da Sa\u00fade.<\/p>\t\t\t\t\t\t\t\t<\/div>\n\t\t\t\t\t<\/div>\n\t\t\t\t<\/div>\n\t\t<div class=\"elementor-element elementor-element-71f9e9c e-flex e-con-boxed e-con e-parent\" data-id=\"71f9e9c\" data-element_type=\"container\" data-e-type=\"container\">\n\t\t\t\t\t<div class=\"e-con-inner\">\n\t\t\t\t<div class=\"elementor-element elementor-element-d3927ae elementor-widget elementor-widget-heading\" data-id=\"d3927ae\" data-element_type=\"widget\" data-e-type=\"widget\" data-widget_type=\"heading.default\">\n\t\t\t\t\t<h2 class=\"elementor-heading-title elementor-size-default\">Nossos Servi\u00e7os\n<\/h2>\t\t\t\t<\/div>\n\t\t\t\t\t<\/div>\n\t\t\t\t<\/div>\n\t\t<div class=\"elementor-element elementor-element-f78fd2a e-flex e-con-boxed e-con e-parent\" data-id=\"f78fd2a\" data-element_type=\"container\" data-e-type=\"container\">\n\t\t\t\t\t<div class=\"e-con-inner\">\n\t\t<div class=\"elementor-element elementor-element-1f5b39b e-con-full e-flex e-con e-child\" data-id=\"1f5b39b\" data-element_type=\"container\" data-e-type=\"container\">\n\t\t\t\t<div class=\"elementor-element elementor-element-7bca8f3 elementor-widget elementor-widget-text-editor\" data-id=\"7bca8f3\" data-element_type=\"widget\" data-e-type=\"widget\" data-widget_type=\"text-editor.default\">\n\t\t\t\t\t\t\t\t\t<h3>Dedetiza\u00e7\u00e3o<\/h3><p>Controle de baratas, formigas, aranhas, escorpi\u00f5es e insetos em geral.<\/p>\t\t\t\t\t\t\t\t<\/div>\n\t\t\t\t<\/div>\n\t\t<div class=\"elementor-element elementor-element-16fab02 e-con-full e-flex e-con e-child\" data-id=\"16fab02\" data-element_type=\"container\" data-e-type=\"container\">\n\t\t\t\t<div class=\"elementor-element elementor-element-14e5700 elementor-widget__width-initial elementor-widget elementor-widget-text-editor\" data-id=\"14e5700\" data-element_type=\"widget\" data-e-type=\"widget\" data-widget_type=\"text-editor.default\">\n\t\t\t\t\t\t\t\t\t<h3>Desratiza\u00e7\u00e3o<\/h3><p>Elimina\u00e7\u00e3o de ratos e roedores com m\u00e9todos seguros e eficazes.<\/p>\t\t\t\t\t\t\t\t<\/div>\n\t\t\t\t<\/div>\n\t\t<div class=\"elementor-element elementor-element-85292d0 e-con-full e-flex e-con e-child\" data-id=\"85292d0\" data-element_type=\"container\" data-e-type=\"container\">\n\t\t\t\t<div class=\"elementor-element elementor-element-99b5b10 elementor-widget elementor-widget-text-editor\" data-id=\"99b5b10\" data-element_type=\"widget\" data-e-type=\"widget\" data-widget_type=\"text-editor.default\">\n\t\t\t\t\t\t\t\t\t<h3>Descupiniza\u00e7\u00e3o<\/h3><p>Prote\u00e7\u00e3o contra cupins com garantia de at\u00e9 5 anos<\/p>\t\t\t\t\t\t\t\t<\/div>\n\t\t\t\t<\/div>\n\t\t\t\t\t<\/div>\n\t\t\t\t<\/div>\n\t\t<div class=\"elementor-element elementor-element-62ffa47 e-flex e-con-boxed e-con e-parent\" data-id=\"62ffa47\" data-element_type=\"container\" data-e-type=\"container\">\n\t\t\t\t\t<div class=\"e-con-inner\">\n\t\t<div class=\"elementor-element elementor-element-97300dc e-con-full e-flex e-con e-child\" data-id=\"97300dc\" data-element_type=\"container\" data-e-type=\"container\">\n\t\t\t\t<div class=\"elementor-element elementor-element-8c4e6ba elementor-widget elementor-widget-text-editor\" data-id=\"8c4e6ba\" data-element_type=\"widget\" data-e-type=\"widget\" data-widget_type=\"text-editor.default\">\n\t\t\t\t\t\t\t\t\t<h3>Controle de Pombos<\/h3><p>Instala\u00e7\u00e3o de barreiras e limpeza de \u00e1reas contaminadas.<\/p>\t\t\t\t\t\t\t\t<\/div>\n\t\t\t\t<\/div>\n\t\t<div class=\"elementor-element elementor-element-a9941a6 e-con-full e-flex e-con e-child\" data-id=\"a9941a6\" data-element_type=\"container\" data-e-type=\"container\">\n\t\t\t\t<div class=\"elementor-element elementor-element-c3bd6b4 elementor-widget elementor-widget-text-editor\" data-id=\"c3bd6b4\" data-element_type=\"widget\" data-e-type=\"widget\" data-widget_type=\"text-editor.default\">\n\t\t\t\t\t\t\t\t\t<h3>Limpeza de Caixa d&#8217;\u00c1gua<\/h3><p>Higieniza\u00e7\u00e3o completa com emiss\u00e3o de certificado.<\/p>\t\t\t\t\t\t\t\t<\/div>\n\t\t\t\t<\/div>\n\t\t\t\t\t<\/div>\n\t\t\t\t<\/div>\n\t\t<div class=\"elementor-element elementor-element-c134e8f e-flex e-con-boxed e-con e-parent\" data-id=\"c134e8f\" data-element_type=\"container\" data-e-type=\"container\">\n\t\t\t\t\t<div class=\"e-con-inner\">\n\t\t\t\t<div class=\"elementor-element elementor-element-8dfb8f6 elementor-widget elementor-widget-heading\" data-id=\"8dfb8f6\" data-element_type=\"widget\" data-e-type=\"widget\" data-widget_type=\"heading.default\">\n\t\t\t\t\t<h2 class=\"elementor-heading-title elementor-size-default\">Por que escolher a GCB?\n<\/h2>\t\t\t\t<\/div>\n\t\t\t\t\t<\/div>\n\t\t\t\t<\/div>\n\t\t<div class=\"elementor-element elementor-element-81555c1 e-flex e-con-boxed e-con e-parent\" data-id=\"81555c1\" data-element_type=\"container\" data-e-type=\"container\">\n\t\t\t\t\t<div class=\"e-con-inner\">\n\t\t\t\t<div class=\"elementor-element elementor-element-741afbc elementor-widget elementor-widget-text-editor\" data-id=\"741afbc\" data-element_type=\"widget\" data-e-type=\"widget\" data-widget_type=\"text-editor.default\">\n\t\t\t\t\t\t\t\t\t<p><img decoding=\"async\" class=\"emoji\" role=\"img\" draggable=\"false\" src=\"https:\/\/s.w.org\/images\/core\/emoji\/17.0.2\/svg\/2714.svg\" alt=\"\u2714\" \/>\u00a012 anos de experi\u00eancia<\/p><p><img decoding=\"async\" class=\"emoji\" role=\"img\" draggable=\"false\" src=\"https:\/\/s.w.org\/images\/core\/emoji\/17.0.2\/svg\/2714.svg\" alt=\"\u2714\" \/>\u00a0Atendimento r\u00e1pido<\/p><p><img decoding=\"async\" class=\"emoji\" role=\"img\" draggable=\"false\" src=\"https:\/\/s.w.org\/images\/core\/emoji\/17.0.2\/svg\/2714.svg\" alt=\"\u2714\" \/>\u00a0T\u00e9cnicos certificados<\/p><p><img decoding=\"async\" class=\"emoji\" role=\"img\" draggable=\"false\" src=\"https:\/\/s.w.org\/images\/core\/emoji\/17.0.2\/svg\/2714.svg\" alt=\"\u2714\" \/>\u00a0Produtos aprovados<\/p><p><img decoding=\"async\" class=\"emoji\" role=\"img\" draggable=\"false\" src=\"https:\/\/s.w.org\/images\/core\/emoji\/17.0.2\/svg\/2714.svg\" alt=\"\u2714\" \/>\u00a0Garantia nos servi\u00e7os<\/p>\t\t\t\t\t\t\t\t<\/div>\n\t\t\t\t\t<\/div>\n\t\t\t\t<\/div>\n\t\t<div class=\"elementor-element elementor-element-50ef2b8 e-flex e-con-boxed e-con e-parent\" data-id=\"50ef2b8\" data-element_type=\"container\" data-e-type=\"container\">\n\t\t\t\t\t<div class=\"e-con-inner\">\n\t\t\t\t<div class=\"elementor-element elementor-element-2108bd4 elementor-button-success elementor-align-center elementor-widget elementor-widget-button\" data-id=\"2108bd4\" data-element_type=\"widget\" data-e-type=\"widget\" data-widget_type=\"button.default\">\n\t\t\t\t\t\t\t\t\t\t<a class=\"elementor-button elementor-button-link elementor-size-sm\" href=\"#\">\n\t\t\t\t\t\t<span class=\"elementor-button-content-wrapper\">\n\t\t\t\t\t\t\t\t\t<span class=\"elementor-button-text\">Aten\u00e7\u00e3o<\/span>\n\t\t\t\t\t<\/span>\n\t\t\t\t\t<\/a>\n\t\t\t\t\t\t\t\t<\/div>\n\t\t\t\t\t<\/div>\n\t\t\t\t<\/div>\n\t\t<div class=\"elementor-element elementor-element-53e7ad1 e-flex e-con-boxed e-con e-parent\" data-id=\"53e7ad1\" data-element_type=\"container\" data-e-type=\"container\" data-settings=\"{&quot;background_background&quot;:&quot;classic&quot;}\">\n\t\t\t\t\t<div class=\"e-con-inner\">\n\t\t\t\t<div class=\"elementor-element elementor-element-da8211a elementor-widget elementor-widget-heading\" data-id=\"da8211a\" data-element_type=\"widget\" data-e-type=\"widget\" data-widget_type=\"heading.default\">\n\t\t\t\t\t<h2 class=\"elementor-heading-title elementor-size-default\">N\u00e3o espere a infesta\u00e7\u00e3o piorar<\/h2>\t\t\t\t<\/div>\n\t\t\t\t\t<\/div>\n\t\t\t\t<\/div>\n\t\t<div class=\"elementor-element elementor-element-d9a7b7c e-flex e-con-boxed e-con e-parent\" data-id=\"d9a7b7c\" data-element_type=\"container\" data-e-type=\"container\" data-settings=\"{&quot;background_background&quot;:&quot;classic&quot;}\">\n\t\t\t\t\t<div class=\"e-con-inner\">\n\t\t\t\t<div class=\"elementor-element elementor-element-f0aaffb elementor-widget elementor-widget-text-editor\" data-id=\"f0aaffb\" data-element_type=\"widget\" data-e-type=\"widget\" data-widget_type=\"text-editor.default\">\n\t\t\t\t\t\t\t\t\t<p>Pragas podem transmitir doen\u00e7as e contaminar alimentos.<br \/><span class=\"font-semibold text-yellow-300\">Proteja sua fam\u00edlia agora!<\/span><\/p>\t\t\t\t\t\t\t\t<\/div>\n\t\t\t\t\t<\/div>\n\t\t\t\t<\/div>\n\t\t<div class=\"elementor-element elementor-element-27d54ef e-flex e-con-boxed e-con e-parent\" data-id=\"27d54ef\" data-element_type=\"container\" data-e-type=\"container\" data-settings=\"{&quot;background_background&quot;:&quot;classic&quot;}\">\n\t\t\t\t\t<div class=\"e-con-inner\">\n\t\t<div class=\"elementor-element elementor-element-527de31 e-con-full e-flex e-con e-child\" data-id=\"527de31\" data-element_type=\"container\" data-e-type=\"container\">\n\t\t\t\t<div class=\"elementor-element elementor-element-41141a8 elementor-align-center elementor-widget elementor-widget-button\" data-id=\"41141a8\" data-element_type=\"widget\" data-e-type=\"widget\" data-widget_type=\"button.default\">\n\t\t\t\t\t\t\t\t\t\t<a class=\"elementor-button elementor-button-link elementor-size-sm\" href=\"#\">\n\t\t\t\t\t\t<span class=\"elementor-button-content-wrapper\">\n\t\t\t\t\t\t\t\t\t<span class=\"elementor-button-text\">Atendimento r\u00e1pido<\/span>\n\t\t\t\t\t<\/span>\n\t\t\t\t\t<\/a>\n\t\t\t\t\t\t\t\t<\/div>\n\t\t\t\t<\/div>\n\t\t<div class=\"elementor-element elementor-element-fa58839 e-con-full e-flex e-con e-child\" data-id=\"fa58839\" data-element_type=\"container\" data-e-type=\"container\">\n\t\t\t\t<div class=\"elementor-element elementor-element-2fe5e3e elementor-align-center elementor-widget elementor-widget-button\" data-id=\"2fe5e3e\" data-element_type=\"widget\" data-e-type=\"widget\" data-widget_type=\"button.default\">\n\t\t\t\t\t\t\t\t\t\t<a class=\"elementor-button elementor-button-link elementor-size-sm\" href=\"#\">\n\t\t\t\t\t\t<span class=\"elementor-button-content-wrapper\">\n\t\t\t\t\t\t\t\t\t<span class=\"elementor-button-text\"> Profissionais certificados<\/span>\n\t\t\t\t\t<\/span>\n\t\t\t\t\t<\/a>\n\t\t\t\t\t\t\t\t<\/div>\n\t\t\t\t<\/div>\n\t\t<div class=\"elementor-element elementor-element-32d5231 e-con-full e-flex e-con e-child\" data-id=\"32d5231\" data-element_type=\"container\" data-e-type=\"container\">\n\t\t\t\t<div class=\"elementor-element elementor-element-80e536e elementor-align-center elementor-widget elementor-widget-button\" data-id=\"80e536e\" data-element_type=\"widget\" data-e-type=\"widget\" data-widget_type=\"button.default\">\n\t\t\t\t\t\t\t\t\t\t<a class=\"elementor-button elementor-button-link elementor-size-sm\" href=\"#\">\n\t\t\t\t\t\t<span class=\"elementor-button-content-wrapper\">\n\t\t\t\t\t\t\t\t\t<span class=\"elementor-button-text\">Produtos seguros<\/span>\n\t\t\t\t\t<\/span>\n\t\t\t\t\t<\/a>\n\t\t\t\t\t\t\t\t<\/div>\n\t\t\t\t<\/div>\n\t\t\t\t\t<\/div>\n\t\t\t\t<\/div>\n\t\t<div class=\"elementor-element elementor-element-2da659b e-flex e-con-boxed e-con e-parent\" data-id=\"2da659b\" data-element_type=\"container\" data-e-type=\"container\">\n\t\t\t\t\t<div class=\"e-con-inner\">\n\t\t\t\t<div class=\"elementor-element elementor-element-4d28fa8 elementor-widget elementor-widget-shortcode\" data-id=\"4d28fa8\" data-element_type=\"widget\" data-e-type=\"widget\" data-widget_type=\"shortcode.default\">\n\t\t\t\t\t\t\t<div class=\"elementor-shortcode\">    <form id=\"gcb-form\">\r\n        <h2>Or\u00e7amento R\u00e1pido<\/h2>\r\n        <p>Receba em at\u00e9 2 horas!<\/p>\r\n\r\n        <input type=\"text\" name=\"nome\" placeholder=\"Seu nome completo\" required>\r\n        <input type=\"tel\" name=\"telefone\" placeholder=\"(21) 99999-9999\" required>\r\n\r\n        <select name=\"servico\" required>\r\n            <option value=\"\">Selecione o servi\u00e7o<\/option>\r\n            <option>Dedetiza\u00e7\u00e3o<\/option>\r\n            <option>Desratiza\u00e7\u00e3o<\/option>\r\n            <option>Descupiniza\u00e7\u00e3o<\/option>\r\n            <option>Controle de Pombos<\/option>\r\n            <option>Limpeza de Caixa d'\u00c1gua<\/option>\r\n        <\/select>\r\n\r\n        <select name=\"imovel\" required>\r\n            <option value=\"\">Tipo de im\u00f3vel<\/option>\r\n            <option>Casa<\/option>\r\n            <option>Apartamento<\/option>\r\n            <option>Comercial<\/option>\r\n        <\/select>\r\n\r\n        <button type=\"submit\">Solicitar Or\u00e7amento Gr\u00e1tis<\/button>\r\n        <div id=\"gcb-msg\"><\/div>\r\n\r\n        <small>Seus dados est\u00e3o seguros \u2022 Resposta em at\u00e9 2h<\/small>\r\n    <\/form>\r\n    <\/div>\n\t\t\t\t\t\t<\/div>\n\t\t\t\t\t<\/div>\n\t\t\t\t<\/div>\n\t\t<div class=\"elementor-element elementor-element-5732de9 e-flex e-con-boxed e-con e-parent\" data-id=\"5732de9\" data-element_type=\"container\" data-e-type=\"container\">\n\t\t\t\t\t<div class=\"e-con-inner\">\n\t\t\t\t<div class=\"elementor-element elementor-element-837c7fe elementor-widget elementor-widget-heading\" data-id=\"837c7fe\" data-element_type=\"widget\" data-e-type=\"widget\" data-widget_type=\"heading.default\">\n\t\t\t\t\t<h2 class=\"elementor-heading-title elementor-size-default\">Atendimento R\u00e1pido via WhatsApp\n<\/h2>\t\t\t\t<\/div>\n\t\t\t\t\t<\/div>\n\t\t\t\t<\/div>\n\t\t<div class=\"elementor-element elementor-element-994b733 e-flex e-con-boxed e-con e-parent\" data-id=\"994b733\" data-element_type=\"container\" data-e-type=\"container\">\n\t\t\t\t\t<div class=\"e-con-inner\">\n\t\t\t\t<div class=\"elementor-element elementor-element-d93de8a elementor-widget elementor-widget-text-editor\" data-id=\"d93de8a\" data-element_type=\"widget\" data-e-type=\"widget\" data-widget_type=\"text-editor.default\">\n\t\t\t\t\t\t\t\t\t<p>Fale agora com um especialista<\/p>\t\t\t\t\t\t\t\t<\/div>\n\t\t\t\t<div class=\"elementor-element elementor-element-1570450 elementor-align-center elementor-widget elementor-widget-button\" data-id=\"1570450\" data-element_type=\"widget\" data-e-type=\"widget\" data-widget_type=\"button.default\">\n\t\t\t\t\t\t\t\t\t\t<a class=\"elementor-button elementor-button-link elementor-size-sm\" href=\"https:\/\/wa.me\/5521998093558\">\n\t\t\t\t\t\t<span class=\"elementor-button-content-wrapper\">\n\t\t\t\t\t\t\t\t\t<span class=\"elementor-button-text\">Chamar  no Whatsapp<\/span>\n\t\t\t\t\t<\/span>\n\t\t\t\t\t<\/a>\n\t\t\t\t\t\t\t\t<\/div>\n\t\t\t\t\t<\/div>\n\t\t\t\t<\/div>\n\t\t<div class=\"elementor-element elementor-element-6f18fae e-flex e-con-boxed e-con e-parent\" data-id=\"6f18fae\" data-element_type=\"container\" data-e-type=\"container\" data-settings=\"{&quot;background_background&quot;:&quot;classic&quot;}\">\n\t\t\t\t\t<div class=\"e-con-inner\">\n\t\t<div class=\"elementor-element elementor-element-9db8b8f e-con-full e-flex e-con e-child\" data-id=\"9db8b8f\" data-element_type=\"container\" data-e-type=\"container\">\n\t\t\t\t<div class=\"elementor-element elementor-element-d187760 elementor-widget elementor-widget-text-editor\" data-id=\"d187760\" data-element_type=\"widget\" data-e-type=\"widget\" data-widget_type=\"text-editor.default\">\n\t\t\t\t\t\t\t\t\t<h3 class=\"text-white font-bold text-xl mb-4 flex items-center gap-2\">GCB Controle praga<\/h3><p class=\"text-sm leading-relaxed\">Dedetiza\u00e7\u00e3o profissional com garantia. Protegendo sua fam\u00edlia e seu patrim\u00f4nio.<\/p>\t\t\t\t\t\t\t\t<\/div>\n\t\t\t\t<\/div>\n\t\t<div class=\"elementor-element elementor-element-a457e51 e-con-full e-flex e-con e-child\" data-id=\"a457e51\" data-element_type=\"container\" data-e-type=\"container\">\n\t\t\t\t<div class=\"elementor-element elementor-element-1f786e7 elementor-widget__width-initial elementor-widget elementor-widget-text-editor\" data-id=\"1f786e7\" data-element_type=\"widget\" data-e-type=\"widget\" data-widget_type=\"text-editor.default\">\n\t\t\t\t\t\t\t\t\t<h4 class=\"text-white font-semibold mb-4\">Servi\u00e7os<\/h4><ul class=\"space-y-2 text-sm\"><li>Dedetiza\u00e7\u00e3o de Baratas<\/li><li>Controle de Formigas<\/li><li>Controle de Ratos<\/li><li>Tratamento de Cupins<\/li><li>Pulgas e Carrapatos<\/li><\/ul>\t\t\t\t\t\t\t\t<\/div>\n\t\t\t\t<\/div>\n\t\t<div class=\"elementor-element elementor-element-98c3d16 e-con-full e-flex e-con e-child\" data-id=\"98c3d16\" data-element_type=\"container\" data-e-type=\"container\">\n\t\t\t\t<div class=\"elementor-element elementor-element-3908eb6 elementor-widget__width-initial elementor-widget elementor-widget-text-editor\" data-id=\"3908eb6\" data-element_type=\"widget\" data-e-type=\"widget\" data-widget_type=\"text-editor.default\">\n\t\t\t\t\t\t\t\t\t<ul class=\"space-y-2 text-sm\"><li><h4 class=\"text-white font-semibold mb-4\">Contato<\/h4><ul class=\"space-y-3 text-sm\"><li class=\"flex items-start gap-2\"><a href=\"tel:998083558\">(21) 99809-3558<\/a><\/li><li class=\"flex items-start gap-2\">Rio de janeiro e regi\u00e3o<\/li><li class=\"flex items-start gap-2\"><a href=\"mailto:contato@gcbdedetizacao.com.br\">contato@gcbdedetizacao.com.br<\/a><\/li><\/ul><\/li><\/ul>\t\t\t\t\t\t\t\t<\/div>\n\t\t\t\t<\/div>\n\t\t<div class=\"elementor-element elementor-element-4ef781c e-con-full e-flex e-con e-child\" data-id=\"4ef781c\" data-element_type=\"container\" data-e-type=\"container\">\n\t\t\t\t<div class=\"elementor-element elementor-element-eb600c5 elementor-widget__width-initial elementor-widget elementor-widget-text-editor\" data-id=\"eb600c5\" data-element_type=\"widget\" data-e-type=\"widget\" data-widget_type=\"text-editor.default\">\n\t\t\t\t\t\t\t\t\t<h4 class=\"text-white font-semibold mb-4\">Hor\u00e1rio<\/h4><ul class=\"space-y-2 text-sm\"><li>Segunda a Sexta: 8h \u00e0s 18h<\/li><li>S\u00e1bado: 8h \u00e0s 14h<\/li><li>Domingo: Fechado<\/li><li class=\"pt-2 text-emerald-400 font-semibold\">Atendimento de emerg\u00eancia 24h<\/li><\/ul>\t\t\t\t\t\t\t\t<\/div>\n\t\t\t\t<\/div>\n\t\t\t\t\t<\/div>\n\t\t\t\t<\/div>\n\t\t<div class=\"elementor-element elementor-element-96b5bc4 e-flex e-con-boxed e-con e-parent\" data-id=\"96b5bc4\" data-element_type=\"container\" data-e-type=\"container\" data-settings=\"{&quot;background_background&quot;:&quot;classic&quot;}\">\n\t\t\t\t\t<div class=\"e-con-inner\">\n\t\t\t\t<div class=\"elementor-element elementor-element-a20866e elementor-widget elementor-widget-heading\" data-id=\"a20866e\" data-element_type=\"widget\" data-e-type=\"widget\" data-widget_type=\"heading.default\">\n\t\t\t\t\t<h1 class=\"elementor-heading-title elementor-size-default\">@Direito Reservado GCB Detetiza\u00e7\u00e3o<\/h1>\t\t\t\t<\/div>\n\t\t\t\t\t<\/div>\n\t\t\t\t<\/div>\n\t\t\t\t<\/div>\n\t\t","protected":false},"excerpt":{"rendered":"<p>L\u00edder em Controle de Pragas h\u00e1 12 Anos A GCB \u00e9 especialista em controle integrado de pragas urbanas e rurais. Atendemos resid\u00eancias, com\u00e9rcios, ind\u00fastrias e condom\u00ednios com solu\u00e7\u00f5es completas e personalizadas. Nossa equipe \u00e9 formada por t\u00e9cnicos certificados, utilizando produtos aprovados pela ANVISA e Minist\u00e9rio da Sa\u00fade. Nossos Servi\u00e7os Dedetiza\u00e7\u00e3o Controle de baratas, formigas, aranhas,&hellip;&nbsp;<\/p>\n","protected":false},"author":1,"featured_media":0,"parent":0,"menu_order":0,"comment_status":"closed","ping_status":"closed","template":"elementor_header_footer","meta":{"neve_meta_sidebar":"","neve_meta_container":"","neve_meta_enable_content_width":"","neve_meta_content_width":0,"neve_meta_title_alignment":"","neve_meta_author_avatar":"","neve_post_elements_order":"","neve_meta_disable_header":"","neve_meta_disable_footer":"","neve_meta_disable_title":"","footnotes":""},"class_list":["post-67","page","type-page","status-publish","hentry"],"_links":{"self":[{"href":"https:\/\/gcbdedetizacao.com.br\/index.php?rest_route=\/wp\/v2\/pages\/67","targetHints":{"allow":["GET"]}}],"collection":[{"href":"https:\/\/gcbdedetizacao.com.br\/index.php?rest_route=\/wp\/v2\/pages"}],"about":[{"href":"https:\/\/gcbdedetizacao.com.br\/index.php?rest_route=\/wp\/v2\/types\/page"}],"author":[{"embeddable":true,"href":"https:\/\/gcbdedetizacao.com.br\/index.php?rest_route=\/wp\/v2\/users\/1"}],"replies":[{"embeddable":true,"href":"https:\/\/gcbdedetizacao.com.br\/index.php?rest_route=%2Fwp%2Fv2%2Fcomments&post=67"}],"version-history":[{"count":48,"href":"https:\/\/gcbdedetizacao.com.br\/index.php?rest_route=\/wp\/v2\/pages\/67\/revisions"}],"predecessor-version":[{"id":168,"href":"https:\/\/gcbdedetizacao.com.br\/index.php?rest_route=\/wp\/v2\/pages\/67\/revisions\/168"}],"wp:attachment":[{"href":"https:\/\/gcbdedetizacao.com.br\/index.php?rest_route=%2Fwp%2Fv2%2Fmedia&parent=67"}],"curies":[{"name":"wp","href":"https:\/\/api.w.org\/{rel}","templated":true}]}}